{"id":211,"date":"2024-01-11T14:20:34","date_gmt":"2024-01-11T13:20:34","guid":{"rendered":"https:\/\/frenchbubble.fr\/?page_id=211"},"modified":"2026-02-26T10:41:10","modified_gmt":"2026-02-26T09:41:10","slug":"formulaire-de-contact","status":"publish","type":"page","link":"https:\/\/frenchbubble.fr\/index.php\/formulaire-de-contact\/","title":{"rendered":"Disponibilit\u00e9s"},"content":{"rendered":"\n<div style=\"height:100px\" aria-hidden=\"true\" class=\"wp-block-spacer\"><\/div>\n\n\n\n<h3 class=\"wp-block-heading\">Dates restantes :<\/h3>\n\n\n\n<div style=\"height:50px\" aria-hidden=\"true\" class=\"wp-block-spacer\"><\/div>\n\n\n\n<ul class=\"wp-block-list\">\n<li class=\"has-medium-font-size\">Semaine du 9 au 15 MARS<\/li>\n<\/ul>\n\n\n\n<p class=\"has-medium-font-size\">Les mois d&rsquo;avril, mai, juin et juillet sont complets.<\/p>\n\n\n\n<p class=\"has-medium-font-size\">Pas de r\u00e9servation possible \u00e0 compter du mois d&rsquo;ao\u00fbt jusqu&rsquo;\u00e0 la fin de l&rsquo;ann\u00e9e 2026.<\/p>\n\n\n\n<p class=\"has-medium-font-size\"><strong>Si les dates auxquelles vous souhaitez venir ne sont pas disponibles, n&rsquo;h\u00e9sitez pas \u00e0 me contacter tout de m\u00eame, car il y a parfois des annulations.<\/strong><\/p>\n\n\n\n<p class=\"has-medium-font-size\">Ne tardez pas \u00e0 m&rsquo;\u00e9crire si des dates vous int\u00e9ressent ! J&rsquo;ai h\u00e2te de vous accueillir !<\/p>\n\n\n\n<div style=\"height:100px\" aria-hidden=\"true\" class=\"wp-block-spacer\"><\/div>\n\n\n\n\n\n<h3 class=\"wp-block-heading\">Contact<\/h3>\n\n\n\n<div style=\"height:50px\" aria-hidden=\"true\" class=\"wp-block-spacer\"><\/div>\n\n\n\n<p class=\"has-medium-font-size\">Dans votre message, vous pouvez m&rsquo;en dire plus \u00e0 propos de votre niveau de fran\u00e7ais, si vous voulez venir seul.e ou acccompagn\u00e9.e, les visites que vous voudriez faire&#8230; tout ce qui pourrait m&rsquo;aider \u00e0 mieux vous conna\u00eetre et \u00e0 faire en sorte que votre s\u00e9jour soit le plus plaisant possible.<\/p>\n\n\n\n<p class=\"has-medium-font-size\">J&rsquo;ai h\u00e2te de vous lire \ud83d\ude42 <\/p>\n\n\n\n<div class=\"wp-block-contact-form-7-contact-form-selector\">\n<div class=\"wpcf7 no-js\" id=\"wpcf7-f274-o1\" lang=\"fr-FR\" dir=\"ltr\" data-wpcf7-id=\"274\">\n<div class=\"screen-reader-response\"><p role=\"status\" aria-live=\"polite\" aria-atomic=\"true\"><\/p> <ul><\/ul><\/div>\n<form action=\"\/index.php\/wp-json\/wp\/v2\/pages\/211#wpcf7-f274-o1\" method=\"post\" class=\"wpcf7-form init\" aria-label=\"Formulaire de contact\" novalidate=\"novalidate\" data-status=\"init\">\n<fieldset class=\"hidden-fields-container\"><input type=\"hidden\" name=\"_wpcf7\" value=\"274\" \/><input type=\"hidden\" name=\"_wpcf7_version\" value=\"6.1.5\" \/><input type=\"hidden\" name=\"_wpcf7_locale\" value=\"fr_FR\" \/><input type=\"hidden\" name=\"_wpcf7_unit_tag\" value=\"wpcf7-f274-o1\" \/><input type=\"hidden\" name=\"_wpcf7_container_post\" value=\"0\" \/><input type=\"hidden\" name=\"_wpcf7_posted_data_hash\" value=\"\" \/><input type=\"hidden\" name=\"_wpcf7_recaptcha_response\" value=\"\" \/>\n<\/fieldset>\n<p><label> Votre nom<br \/>\n<span class=\"wpcf7-form-control-wrap\" data-name=\"your-name\"><input size=\"40\" maxlength=\"400\" class=\"wpcf7-form-control wpcf7-text wpcf7-validates-as-required\" autocomplete=\"name\" aria-required=\"true\" aria-invalid=\"false\" value=\"\" type=\"text\" name=\"your-name\" \/><\/span> <\/label>\n<\/p>\n<p><label> Votre e-mail<br \/>\n<span class=\"wpcf7-form-control-wrap\" data-name=\"your-email\"><input size=\"40\" maxlength=\"400\" class=\"wpcf7-form-control wpcf7-email wpcf7-validates-as-required wpcf7-text wpcf7-validates-as-email\" autocomplete=\"email\" aria-required=\"true\" aria-invalid=\"false\" value=\"\" type=\"email\" name=\"your-email\" \/><\/span> <\/label>\n<\/p>\n<p><label> Objet<br \/>\n<span class=\"wpcf7-form-control-wrap\" data-name=\"your-subject\"><input size=\"40\" maxlength=\"400\" class=\"wpcf7-form-control wpcf7-text wpcf7-validates-as-required\" aria-required=\"true\" aria-invalid=\"false\" value=\"\" type=\"text\" name=\"your-subject\" \/><\/span> <\/label>\n<\/p>\n<p><label> Votre message<br \/>\n<span class=\"wpcf7-form-control-wrap\" data-name=\"your-message\"><textarea cols=\"40\" rows=\"10\" maxlength=\"2000\" class=\"wpcf7-form-control wpcf7-textarea\" aria-invalid=\"false\" name=\"your-message\"><\/textarea><\/span> <\/label>\n<\/p>\n<p><input class=\"wpcf7-form-control wpcf7-submit has-spinner\" type=\"submit\" value=\"Envoyer\" \/>\n<\/p><p style=\"display: none !important;\" class=\"akismet-fields-container\" data-prefix=\"_wpcf7_ak_\"><label>&#916;<textarea name=\"_wpcf7_ak_hp_textarea\" cols=\"45\" rows=\"8\" maxlength=\"100\"><\/textarea><\/label><input type=\"hidden\" id=\"ak_js_1\" name=\"_wpcf7_ak_js\" value=\"186\"\/><script>document.getElementById( \"ak_js_1\" ).setAttribute( \"value\", ( new Date() ).getTime() );<\/script><\/p><div class=\"wpcf7-response-output\" aria-hidden=\"true\"><\/div>\n<\/form>\n<\/div>\n<\/div>\n","protected":false},"excerpt":{"rendered":"<p>Dates restantes : Les mois d&rsquo;avril, mai, juin et juillet sont complets. Pas de r\u00e9servation possible \u00e0 compter du mois d&rsquo;ao\u00fbt jusqu&rsquo;\u00e0 la fin de l&rsquo;ann\u00e9e 2026. Si les dates auxquelles vous souhaitez venir ne sont pas disponibles, n&rsquo;h\u00e9sitez pas \u00e0 me contacter tout de m\u00eame, car il y a parfois des annulations. Ne tardez pas \u00e0 m&rsquo;\u00e9crire si des dates vous int\u00e9ressent ! J&rsquo;ai h\u00e2te de vous accueillir ! Contact Dans votre message, vous pouvez m&rsquo;en dire plus \u00e0 propos de votre niveau de fran\u00e7ais, si vous voulez venir seul.e ou acccompagn\u00e9.e, les visites que vous voudriez faire&#8230; tout ce qui pourrait m&rsquo;aider \u00e0 mieux vous conna\u00eetre et \u00e0 faire en sorte que votre s\u00e9jour soit le plus plaisant possible. J&rsquo;ai h\u00e2te de vous lire \ud83d\ude42<\/p>\n","protected":false},"author":1,"featured_media":0,"parent":0,"menu_order":0,"comment_status":"closed","ping_status":"closed","template":"","meta":{"footnotes":""},"class_list":["post-211","page","type-page","status-publish","hentry"],"yoast_head":"<!-- This site is optimized with the Yoast SEO plugin v27.3 - https:\/\/yoast.com\/product\/yoast-seo-wordpress\/ -->\n<title>contact French Bubble<\/title>\n<meta name=\"description\" content=\"formulaire de contact pour r\u00e9server votre s\u00e9jour linguistique, faire connaissance avec votre professeur et lui pr\u00e9senter votre s\u00e9jour id\u00e9al.\" \/>\n<meta name=\"robots\" content=\"noindex, follow\" \/>\n<meta property=\"og:locale\" content=\"fr_FR\" \/>\n<meta property=\"og:type\" content=\"article\" \/>\n<meta property=\"og:title\" content=\"contact French Bubble\" \/>\n<meta property=\"og:description\" content=\"formulaire de contact pour r\u00e9server votre s\u00e9jour linguistique, faire connaissance avec votre professeur et lui pr\u00e9senter votre s\u00e9jour id\u00e9al.\" \/>\n<meta property=\"og:url\" content=\"https:\/\/frenchbubble.fr\/index.php\/formulaire-de-contact\/\" \/>\n<meta property=\"article:publisher\" content=\"https:\/\/www.facebook.com\/profile.php?id=61555671493048\" \/>\n<meta property=\"article:modified_time\" content=\"2026-02-26T09:41:10+00:00\" \/>\n<meta property=\"og:image\" content=\"https:\/\/frenchbubble.fr\/wp-content\/uploads\/2023\/11\/Capture-decran-2023-11-09-a-14.48.19-e1711707329326.png\" \/>\n\t<meta property=\"og:image:width\" content=\"958\" \/>\n\t<meta property=\"og:image:height\" content=\"920\" \/>\n\t<meta property=\"og:image:type\" content=\"image\/png\" \/>\n<meta name=\"twitter:card\" content=\"summary_large_image\" \/>\n<meta name=\"twitter:label1\" content=\"Dur\u00e9e de lecture estim\u00e9e\" \/>\n\t<meta name=\"twitter:data1\" content=\"1 minute\" \/>\n<script type=\"application\/ld+json\" class=\"yoast-schema-graph\">{\"@context\":\"https:\\\/\\\/schema.org\",\"@graph\":[{\"@type\":\"WebPage\",\"@id\":\"https:\\\/\\\/frenchbubble.fr\\\/index.php\\\/formulaire-de-contact\\\/\",\"url\":\"https:\\\/\\\/frenchbubble.fr\\\/index.php\\\/formulaire-de-contact\\\/\",\"name\":\"contact French Bubble\",\"isPartOf\":{\"@id\":\"https:\\\/\\\/frenchbubble.fr\\\/#website\"},\"datePublished\":\"2024-01-11T13:20:34+00:00\",\"dateModified\":\"2026-02-26T09:41:10+00:00\",\"description\":\"formulaire de contact pour r\u00e9server votre s\u00e9jour linguistique, faire connaissance avec votre professeur et lui pr\u00e9senter votre s\u00e9jour id\u00e9al.\",\"breadcrumb\":{\"@id\":\"https:\\\/\\\/frenchbubble.fr\\\/index.php\\\/formulaire-de-contact\\\/#breadcrumb\"},\"inLanguage\":\"fr-FR\",\"potentialAction\":[{\"@type\":\"ReadAction\",\"target\":[\"https:\\\/\\\/frenchbubble.fr\\\/index.php\\\/formulaire-de-contact\\\/\"]}]},{\"@type\":\"BreadcrumbList\",\"@id\":\"https:\\\/\\\/frenchbubble.fr\\\/index.php\\\/formulaire-de-contact\\\/#breadcrumb\",\"itemListElement\":[{\"@type\":\"ListItem\",\"position\":1,\"name\":\"Accueil\",\"item\":\"https:\\\/\\\/frenchbubble.fr\\\/\"},{\"@type\":\"ListItem\",\"position\":2,\"name\":\"Disponibilit\u00e9s\"}]},{\"@type\":\"WebSite\",\"@id\":\"https:\\\/\\\/frenchbubble.fr\\\/#website\",\"url\":\"https:\\\/\\\/frenchbubble.fr\\\/\",\"name\":\"French Bubble immersion\",\"description\":\"\",\"publisher\":{\"@id\":\"https:\\\/\\\/frenchbubble.fr\\\/#organization\"},\"alternateName\":\"French Bubble\",\"potentialAction\":[{\"@type\":\"SearchAction\",\"target\":{\"@type\":\"EntryPoint\",\"urlTemplate\":\"https:\\\/\\\/frenchbubble.fr\\\/?s={search_term_string}\"},\"query-input\":{\"@type\":\"PropertyValueSpecification\",\"valueRequired\":true,\"valueName\":\"search_term_string\"}}],\"inLanguage\":\"fr-FR\"},{\"@type\":\"Organization\",\"@id\":\"https:\\\/\\\/frenchbubble.fr\\\/#organization\",\"name\":\"French Bubble\",\"url\":\"https:\\\/\\\/frenchbubble.fr\\\/\",\"logo\":{\"@type\":\"ImageObject\",\"inLanguage\":\"fr-FR\",\"@id\":\"https:\\\/\\\/frenchbubble.fr\\\/#\\\/schema\\\/logo\\\/image\\\/\",\"url\":\"https:\\\/\\\/frenchbubble.fr\\\/wp-content\\\/uploads\\\/2023\\\/11\\\/Capture-decran-2023-11-09-a-14.48.19.png\",\"contentUrl\":\"https:\\\/\\\/frenchbubble.fr\\\/wp-content\\\/uploads\\\/2023\\\/11\\\/Capture-decran-2023-11-09-a-14.48.19.png\",\"width\":958,\"height\":920,\"caption\":\"French Bubble\"},\"image\":{\"@id\":\"https:\\\/\\\/frenchbubble.fr\\\/#\\\/schema\\\/logo\\\/image\\\/\"},\"sameAs\":[\"https:\\\/\\\/www.facebook.com\\\/profile.php?id=61555671493048\",\"https:\\\/\\\/www.instagram.com\\\/frenchbubble.immersion\\\/?igsh=MWp4Y29wanRwN3Q5MA\"]}]}<\/script>\n<!-- \/ Yoast SEO plugin. -->","yoast_head_json":{"title":"contact French Bubble","description":"formulaire de contact pour r\u00e9server votre s\u00e9jour linguistique, faire connaissance avec votre professeur et lui pr\u00e9senter votre s\u00e9jour id\u00e9al.","robots":{"index":"noindex","follow":"follow"},"og_locale":"fr_FR","og_type":"article","og_title":"contact French Bubble","og_description":"formulaire de contact pour r\u00e9server votre s\u00e9jour linguistique, faire connaissance avec votre professeur et lui pr\u00e9senter votre s\u00e9jour id\u00e9al.","og_url":"https:\/\/frenchbubble.fr\/index.php\/formulaire-de-contact\/","article_publisher":"https:\/\/www.facebook.com\/profile.php?id=61555671493048","article_modified_time":"2026-02-26T09:41:10+00:00","og_image":[{"width":958,"height":920,"url":"https:\/\/frenchbubble.fr\/wp-content\/uploads\/2023\/11\/Capture-decran-2023-11-09-a-14.48.19-e1711707329326.png","type":"image\/png"}],"twitter_card":"summary_large_image","twitter_misc":{"Dur\u00e9e de lecture estim\u00e9e":"1 minute"},"schema":{"@context":"https:\/\/schema.org","@graph":[{"@type":"WebPage","@id":"https:\/\/frenchbubble.fr\/index.php\/formulaire-de-contact\/","url":"https:\/\/frenchbubble.fr\/index.php\/formulaire-de-contact\/","name":"contact French Bubble","isPartOf":{"@id":"https:\/\/frenchbubble.fr\/#website"},"datePublished":"2024-01-11T13:20:34+00:00","dateModified":"2026-02-26T09:41:10+00:00","description":"formulaire de contact pour r\u00e9server votre s\u00e9jour linguistique, faire connaissance avec votre professeur et lui pr\u00e9senter votre s\u00e9jour id\u00e9al.","breadcrumb":{"@id":"https:\/\/frenchbubble.fr\/index.php\/formulaire-de-contact\/#breadcrumb"},"inLanguage":"fr-FR","potentialAction":[{"@type":"ReadAction","target":["https:\/\/frenchbubble.fr\/index.php\/formulaire-de-contact\/"]}]},{"@type":"BreadcrumbList","@id":"https:\/\/frenchbubble.fr\/index.php\/formulaire-de-contact\/#breadcrumb","itemListElement":[{"@type":"ListItem","position":1,"name":"Accueil","item":"https:\/\/frenchbubble.fr\/"},{"@type":"ListItem","position":2,"name":"Disponibilit\u00e9s"}]},{"@type":"WebSite","@id":"https:\/\/frenchbubble.fr\/#website","url":"https:\/\/frenchbubble.fr\/","name":"French Bubble immersion","description":"","publisher":{"@id":"https:\/\/frenchbubble.fr\/#organization"},"alternateName":"French Bubble","potentialAction":[{"@type":"SearchAction","target":{"@type":"EntryPoint","urlTemplate":"https:\/\/frenchbubble.fr\/?s={search_term_string}"},"query-input":{"@type":"PropertyValueSpecification","valueRequired":true,"valueName":"search_term_string"}}],"inLanguage":"fr-FR"},{"@type":"Organization","@id":"https:\/\/frenchbubble.fr\/#organization","name":"French Bubble","url":"https:\/\/frenchbubble.fr\/","logo":{"@type":"ImageObject","inLanguage":"fr-FR","@id":"https:\/\/frenchbubble.fr\/#\/schema\/logo\/image\/","url":"https:\/\/frenchbubble.fr\/wp-content\/uploads\/2023\/11\/Capture-decran-2023-11-09-a-14.48.19.png","contentUrl":"https:\/\/frenchbubble.fr\/wp-content\/uploads\/2023\/11\/Capture-decran-2023-11-09-a-14.48.19.png","width":958,"height":920,"caption":"French Bubble"},"image":{"@id":"https:\/\/frenchbubble.fr\/#\/schema\/logo\/image\/"},"sameAs":["https:\/\/www.facebook.com\/profile.php?id=61555671493048","https:\/\/www.instagram.com\/frenchbubble.immersion\/?igsh=MWp4Y29wanRwN3Q5MA"]}]}},"_links":{"self":[{"href":"https:\/\/frenchbubble.fr\/index.php\/wp-json\/wp\/v2\/pages\/211","targetHints":{"allow":["GET"]}}],"collection":[{"href":"https:\/\/frenchbubble.fr\/index.php\/wp-json\/wp\/v2\/pages"}],"about":[{"href":"https:\/\/frenchbubble.fr\/index.php\/wp-json\/wp\/v2\/types\/page"}],"author":[{"embeddable":true,"href":"https:\/\/frenchbubble.fr\/index.php\/wp-json\/wp\/v2\/users\/1"}],"replies":[{"embeddable":true,"href":"https:\/\/frenchbubble.fr\/index.php\/wp-json\/wp\/v2\/comments?post=211"}],"version-history":[{"count":14,"href":"https:\/\/frenchbubble.fr\/index.php\/wp-json\/wp\/v2\/pages\/211\/revisions"}],"predecessor-version":[{"id":1704,"href":"https:\/\/frenchbubble.fr\/index.php\/wp-json\/wp\/v2\/pages\/211\/revisions\/1704"}],"wp:attachment":[{"href":"https:\/\/frenchbubble.fr\/index.php\/wp-json\/wp\/v2\/media?parent=211"}],"curies":[{"name":"wp","href":"https:\/\/api.w.org\/{rel}","templated":true}]}}