{"id":50,"date":"2024-01-11T14:17:15","date_gmt":"2024-01-11T13:17:15","guid":{"rendered":"http:\/\/frenchbubble.fr\/?page_id=50"},"modified":"2025-08-08T19:45:23","modified_gmt":"2025-08-08T17:45:23","slug":"votre-professeur-de-francais-langue-etrangere","status":"publish","type":"page","link":"https:\/\/frenchbubble.fr\/index.php\/votre-professeur-de-francais-langue-etrangere\/","title":{"rendered":"Votre professeur de fran\u00e7ais"},"content":{"rendered":"\n<div style=\"height:54px\" aria-hidden=\"true\" class=\"wp-block-spacer\"><\/div>\n\n\n<div class=\"wp-block-image is-style-rounded\">\n<figure class=\"aligncenter size-full is-resized\"><img fetchpriority=\"high\" decoding=\"async\" width=\"596\" height=\"596\" src=\"https:\/\/frenchbubble.fr\/wp-content\/uploads\/2025\/08\/20250808_194229.jpg\" alt=\"Delphine, professeur de fran\u00e7ais \u00e0 Pau\" class=\"wp-image-1582\" style=\"width:200px;height:auto\" srcset=\"https:\/\/frenchbubble.fr\/wp-content\/uploads\/2025\/08\/20250808_194229.jpg 596w, https:\/\/frenchbubble.fr\/wp-content\/uploads\/2025\/08\/20250808_194229-250x250.jpg 250w, https:\/\/frenchbubble.fr\/wp-content\/uploads\/2025\/08\/20250808_194229-100x100.jpg 100w, https:\/\/frenchbubble.fr\/wp-content\/uploads\/2025\/08\/20250808_194229-300x300.jpg 300w, https:\/\/frenchbubble.fr\/wp-content\/uploads\/2025\/08\/20250808_194229-75x75.jpg 75w\" sizes=\"(max-width: 596px) 100vw, 596px\" \/><\/figure>\n<\/div>\n\n\n<div style=\"height:54px\" aria-hidden=\"true\" class=\"wp-block-spacer\"><\/div>\n\n\n\n<div class=\"wp-block-columns is-layout-flex wp-container-core-columns-is-layout-28f84493 wp-block-columns-is-layout-flex\">\n<div class=\"wp-block-column is-layout-flow wp-block-column-is-layout-flow\"><div class=\"wp-block-image\">\n<figure class=\"aligncenter size-full is-resized\"><img decoding=\"async\" width=\"476\" height=\"120\" src=\"https:\/\/frenchbubble.fr\/wp-content\/uploads\/2023\/11\/Capture-decran-2023-11-18-a-15.10.57.png\" alt=\"qui est votre professeur\" class=\"wp-image-143\" style=\"width:214px;height:auto\" srcset=\"https:\/\/frenchbubble.fr\/wp-content\/uploads\/2023\/11\/Capture-decran-2023-11-18-a-15.10.57.png 476w, https:\/\/frenchbubble.fr\/wp-content\/uploads\/2023\/11\/Capture-decran-2023-11-18-a-15.10.57-300x76.png 300w\" sizes=\"(max-width: 476px) 100vw, 476px\" \/><\/figure>\n<\/div>\n\n\n<p class=\"has-medium-font-size\">Bonjour, Je m\u2019appelle Delphine et j\u2019ai 37 ans. Je serai votre professeur de fran\u00e7ais durant votre s\u00e9jour linguistique. Je suis originaire de Bayonne, au Pays basque. J\u2019ai eu la chance de grandir dans cet environnement privil\u00e9gi\u00e9, entre oc\u00e9an et montagnes.<\/p>\n\n\n\n<div style=\"height:55px\" aria-hidden=\"true\" class=\"wp-block-spacer\"><\/div>\n\n\n\n<p class=\"has-medium-font-size\"><strong>Quels sont mes centres d&rsquo;int\u00e9r\u00eat ?<\/strong><\/p>\n\n\n\n<p class=\"has-medium-font-size\">J\u2019ai toujours \u00e9t\u00e9 passionn\u00e9e par les voyages, les cultures et la lecture. Ma premi\u00e8re exp\u00e9rience de vie \u00e0 l\u2019\u00e9tranger remonte \u00e0 plus d\u2019une vingtaine d\u2019ann\u00e9es. J\u2019\u00e9tais au coll\u00e8ge et j\u2019ai eu l\u2019occasion de partir en Angleterre pour un \u00e9change&nbsp;: j\u2019ai v\u00e9cu dans une famille anglaise \u00e0 Bristol pendant deux semaines . J\u2019ai ador\u00e9 cette exp\u00e9rience qui m\u2019a donn\u00e9 envie de poursuivre mes \u00e9tudes dans ce pays, r\u00eave qui ne s\u2019est malheureusement jamais r\u00e9alis\u00e9.<\/p>\n<\/div>\n\n\n\n<div class=\"wp-block-column is-layout-flow wp-block-column-is-layout-flow\"><div class=\"wp-block-image\">\n<figure class=\"aligncenter size-full is-resized\"><img decoding=\"async\" src=\"https:\/\/frenchbubble.fr\/wp-content\/uploads\/2023\/11\/Capture-decran-2023-11-18-a-15.11.47.png\" alt=\"le parcours d'\u00e9tudes de votre professeur de fran\u00e7ais langue \u00e9trang\u00e8re\" class=\"wp-image-145\" style=\"width:419px;height:auto\"\/><\/figure>\n<\/div>\n\n\n<p class=\"has-medium-font-size\">J\u2019ai commenc\u00e9 mes \u00e9tudes par un BTS de tourisme au cours duquel j\u2019ai \u00e9tudi\u00e9 le patrimoine fran\u00e7ais et plus sp\u00e9cifiquement celui de ma r\u00e9gion afin de devenir guide-interpr\u00e8te. J\u2019ai ensuite obtenu une licence de g\u00e9ographie, sp\u00e9cialis\u00e9e en am\u00e9nagement et d\u00e9veloppement des territoires.<\/p>\n\n\n\n<p class=\"has-text-align-left has-medium-font-size\">J\u2019ai finalement d\u00e9cid\u00e9 de me tourner vers l\u2019enseignement. J\u2019ai poursuivi mes \u00e9tudes pour valider un master en m\u00e9tiers de l\u2019enseignement et de la formation et j\u2019ai \u00e9t\u00e9 professeur des \u00e9coles pendant dix ans.<\/p>\n\n\n\n<p class=\"has-text-align-left has-medium-font-size\">En 2023, j&rsquo;ai obtenu le dipl\u00f4me du DAEFLE, de<a href=\"https:\/\/www.alliancefr.org\/\"> l\u2019Alliance fran\u00e7aise de Paris<\/a> pour enseigner le fran\u00e7ais en tant que langue \u00e9trang\u00e8re, ainsi que la certification du CAVILAM. <\/p>\n\n\n\n<p class=\"has-medium-font-size\"><\/p>\n<\/div>\n<\/div>\n\n\n\n<p class=\"has-medium-font-size\"><\/p>\n\n\n\n<div style=\"height:87px\" aria-hidden=\"true\" class=\"wp-block-spacer\"><\/div>\n\n\n<div class=\"wp-block-image\">\n<figure class=\"aligncenter size-full is-resized\"><img decoding=\"async\" src=\"https:\/\/frenchbubble.fr\/wp-content\/uploads\/2023\/11\/Capture-decran-2023-11-18-a-15.12.40.png\" alt=\"immersion linguistique, vivre dans un pays comme les locaux\" class=\"wp-image-146\" style=\"width:437px;height:auto\"\/><\/figure>\n<\/div>\n\n\n<div style=\"height:52px\" aria-hidden=\"true\" class=\"wp-block-spacer\"><\/div>\n\n\n\n<p class=\"has-medium-font-size\">Pendant plusieurs \u00e9t\u00e9s, j\u2019ai travaill\u00e9 en Angleterre pour encadrer des groupes d\u2019adolescents fran\u00e7ais en s\u00e9jours linguistiques. <\/p>\n\n\n\n<p class=\"has-medium-font-size\">A cette occasion, j\u2019ai v\u00e9cu dans diff\u00e9rentes familles d\u2019accueil. J\u2019ai trouv\u00e9 que c\u2019\u00e9tait un privil\u00e8ge de pouvoir d\u00e9couvrir un pays, une culture et ses habitants \u00ab&nbsp;de l\u2019int\u00e9rieur&nbsp;\u00bb. Cela apporte une r\u00e9elle plus-value car nous sommes confront\u00e9s \u00e0 la vraie vie, chose que l&rsquo;on n&rsquo;apprend pas en classe ou dans les livres. <\/p>\n\n\n\n<p class=\"has-medium-font-size\">C\u2019est ce que je souhaite aujourd\u2019hui offrir aux personnes que j\u2019accueillerai chez moi. Je suis aussi partie vivre en Nouvelle-Z\u00e9lande pendant un an, o\u00f9 j\u2019ai encore eu la chance de partager le quotidien de plusieurs familles. Par la suite, &nbsp;j\u2019ai eu l\u2019opportunit\u00e9 de visiter plusieurs pays d\u2019Oc\u00e9anie et d\u2019Asie. J\u2019ai \u00e9galement voyag\u00e9 en Europe et en Afrique et j\u2019esp\u00e8re continuer \u00e0 d\u00e9couvrir encore de nombreux endroits&nbsp;et cultures en partageant du temps avec vous&nbsp;! <\/p>\n\n\n\n<div style=\"height:50px\" aria-hidden=\"true\" class=\"wp-block-spacer\"><\/div>\n\n\n<div class=\"wp-block-image\">\n<figure class=\"aligncenter size-full is-resized\"><img decoding=\"async\" width=\"600\" height=\"600\" src=\"https:\/\/frenchbubble.fr\/wp-content\/uploads\/2025\/07\/cumba-et-moi.jpg\" alt=\"cours particulier de fran\u00e7ais pendant un s\u00e9jour en immersion linguistique \u00e0 Pau, chez votre professeur\" class=\"wp-image-1536\" style=\"width:322px;height:auto\" srcset=\"https:\/\/frenchbubble.fr\/wp-content\/uploads\/2025\/07\/cumba-et-moi.jpg 600w, https:\/\/frenchbubble.fr\/wp-content\/uploads\/2025\/07\/cumba-et-moi-250x250.jpg 250w, https:\/\/frenchbubble.fr\/wp-content\/uploads\/2025\/07\/cumba-et-moi-100x100.jpg 100w, https:\/\/frenchbubble.fr\/wp-content\/uploads\/2025\/07\/cumba-et-moi-300x300.jpg 300w, https:\/\/frenchbubble.fr\/wp-content\/uploads\/2025\/07\/cumba-et-moi-75x75.jpg 75w\" sizes=\"(max-width: 600px) 100vw, 600px\" \/><\/figure>\n<\/div>\n\n\n<div style=\"height:100px\" aria-hidden=\"true\" class=\"wp-block-spacer\"><\/div>\n\n\n\n<h2 class=\"wp-block-heading has-text-align-center\">Les cours<\/h2>\n\n\n\n<p class=\"has-medium-font-size\">Les s\u00e9jours en immersion sont accessibles \u00e0 tous , quel que soit votre niveau, m\u00eame si vous ne parlez pas un mot de fran\u00e7ais ! Je m\u2019adapte \u00e0 votre&nbsp;<strong>niveau<\/strong>, \u00e0 vos&nbsp;<strong>objectifs<\/strong>&nbsp;et \u00e0 vos&nbsp;<strong>go\u00fbts<\/strong>. <\/p>\n\n\n\n<p class=\"has-medium-font-size\">Les cours seront pr\u00e9par\u00e9s sur-mesure : que vous ayez envie de progresser en fran\u00e7ais pour des raisons&nbsp;<strong>professionnelles<\/strong>, pour pr\u00e9parer un&nbsp;<strong>dipl\u00f4me<\/strong>, vous installer dans un&nbsp;<strong>pays francophone<\/strong>&nbsp;ou simplement pour vos besoins&nbsp;<strong>personnels<\/strong>, nous d\u00e9finirons&nbsp;<strong>ensemble<\/strong>&nbsp;le programme de votre s\u00e9jour afin que celui-ci r\u00e9ponde au mieux \u00e0 vos attentes et \u00e0 vos go\u00fbts.<\/p>\n\n\n\n<p class=\"has-medium-font-size\">Les sujets qui me tiennent \u00e0 c\u0153ur sont la nature et la protection de l\u2019environnement, les cultures du monde entier, le d\u00e9veloppement personnel et le bien-\u00eatre, l\u2019art, l\u2019architecture et la litt\u00e9rature mais je reste ouverte et j\u2019ai h\u00e2te de discuter et de d\u00e9couvrir de nouveaux sujets gr\u00e2ce \u00e0 vous.<\/p>\n\n\n\n<p class=\"has-medium-font-size\">Pendant le temps de classe, j\u2019aime avoir recours \u00e0 des vid\u00e9os, des chansons, des reportages et des jeux, ce qui met l\u2019apprenant en contact avec une&nbsp;<strong>langue authentique<\/strong>. De plus, ayant l\u2019habitude d\u2019enseigner aupr\u00e8s d\u2019un jeune public, je sais rendre accessibles m\u00eame les sujets les plus difficiles\u2026 comme certaines r\u00e8gles de grammaire par exemple.<\/p>\n\n\n\n<div style=\"height:100px\" aria-hidden=\"true\" class=\"wp-block-spacer\"><\/div>\n\n\n\n<h3 class=\"wp-block-heading\">Vous vivez \u00e0 Pau et souhaitez prendre des cours de fran\u00e7ais?<\/h3>\n\n\n\n<p class=\"has-medium-font-size\">En dehors des immersion, je donne aussi des cours particuliers de fran\u00e7ais. Ils se d\u00e9roulent chez moi, \u00e0 Bill\u00e8re (accessible en bus ou \u00e0 15min \u00e0 pied de la place Verdun). Comme si vous veniez en immersion, les cours sont adapt\u00e9s \u00e0 votre niveau et \u00e0 vos objectifs. Vous pouvez aussi venir \u00e0 deux si vous avez le m\u00eame niveau.<\/p>\n\n\n\n<p class=\"has-medium-font-size\">Tarif : 45\u20ac \/ heure<\/p>\n\n\n\n<div style=\"height:100px\" aria-hidden=\"true\" class=\"wp-block-spacer\"><\/div>\n\n\n\n<p><\/p>\n","protected":false},"excerpt":{"rendered":"<p>Bonjour, Je m\u2019appelle Delphine et j\u2019ai 37 ans. Je serai votre professeur de fran\u00e7ais durant votre s\u00e9jour linguistique. Je suis originaire de Bayonne, au Pays basque. J\u2019ai eu la chance de grandir dans cet environnement privil\u00e9gi\u00e9, entre oc\u00e9an et montagnes. Quels sont mes centres d&rsquo;int\u00e9r\u00eat ? J\u2019ai toujours \u00e9t\u00e9 passionn\u00e9e par les voyages, les cultures et la lecture. Ma premi\u00e8re exp\u00e9rience de vie \u00e0 l\u2019\u00e9tranger remonte \u00e0 plus d\u2019une vingtaine d\u2019ann\u00e9es. J\u2019\u00e9tais au coll\u00e8ge et j\u2019ai eu l\u2019occasion de partir en Angleterre pour un \u00e9change&nbsp;: j\u2019ai v\u00e9cu dans une famille anglaise \u00e0 Bristol pendant deux semaines . J\u2019ai ador\u00e9 cette exp\u00e9rience qui m\u2019a donn\u00e9 envie de poursuivre mes \u00e9tudes dans ce pays, r\u00eave qui ne s\u2019est malheureusement jamais r\u00e9alis\u00e9. J\u2019ai commenc\u00e9 mes \u00e9tudes par un BTS de tourisme au cours duquel j\u2019ai \u00e9tudi\u00e9 le patrimoine fran\u00e7ais et plus sp\u00e9cifiquement celui de ma r\u00e9gion afin de devenir guide-interpr\u00e8te. J\u2019ai ensuite obtenu une licence de g\u00e9ographie, sp\u00e9cialis\u00e9e en am\u00e9nagement et d\u00e9veloppement des territoires. J\u2019ai finalement d\u00e9cid\u00e9 de me tourner vers l\u2019enseignement. J\u2019ai poursuivi mes \u00e9tudes pour valider un master en m\u00e9tiers de l\u2019enseignement et de la formation et j\u2019ai \u00e9t\u00e9 professeur des \u00e9coles pendant dix ans. En 2023, j&rsquo;ai obtenu le dipl\u00f4me du DAEFLE, de l\u2019Alliance fran\u00e7aise de Paris pour enseigner le fran\u00e7ais en tant que langue \u00e9trang\u00e8re, ainsi que la certification du CAVILAM. Pendant plusieurs \u00e9t\u00e9s, j\u2019ai travaill\u00e9 en Angleterre pour encadrer des groupes d\u2019adolescents fran\u00e7ais en s\u00e9jours linguistiques. A cette occasion, j\u2019ai v\u00e9cu dans diff\u00e9rentes familles d\u2019accueil. J\u2019ai trouv\u00e9 que c\u2019\u00e9tait un privil\u00e8ge de pouvoir d\u00e9couvrir un pays, une culture et ses habitants \u00ab&nbsp;de l\u2019int\u00e9rieur&nbsp;\u00bb. Cela apporte une r\u00e9elle plus-value car nous sommes confront\u00e9s \u00e0 la vraie vie, chose que l&rsquo;on n&rsquo;apprend pas en classe ou dans les livres. C\u2019est ce que je souhaite aujourd\u2019hui offrir aux personnes que j\u2019accueillerai chez moi. Je suis aussi partie vivre en Nouvelle-Z\u00e9lande pendant un an, o\u00f9 j\u2019ai encore eu la chance de partager le quotidien de plusieurs familles. Par la suite, &nbsp;j\u2019ai eu l\u2019opportunit\u00e9 de visiter plusieurs pays d\u2019Oc\u00e9anie et d\u2019Asie. J\u2019ai \u00e9galement voyag\u00e9 en Europe et en Afrique et j\u2019esp\u00e8re continuer \u00e0 d\u00e9couvrir encore de nombreux endroits&nbsp;et cultures en partageant du temps avec vous&nbsp;! Les cours Les s\u00e9jours en immersion sont accessibles \u00e0 tous , quel que soit votre niveau, m\u00eame si vous ne parlez pas un mot de fran\u00e7ais ! Je m\u2019adapte \u00e0 votre&nbsp;niveau, \u00e0 vos&nbsp;objectifs&nbsp;et \u00e0 vos&nbsp;go\u00fbts. Les cours seront pr\u00e9par\u00e9s sur-mesure : que vous ayez envie de progresser en fran\u00e7ais pour des raisons&nbsp;professionnelles, pour pr\u00e9parer un&nbsp;dipl\u00f4me, vous installer dans un&nbsp;pays francophone&nbsp;ou simplement pour vos besoins&nbsp;personnels, nous d\u00e9finirons&nbsp;ensemble&nbsp;le programme de votre s\u00e9jour afin que celui-ci r\u00e9ponde au mieux \u00e0 vos attentes et \u00e0 vos go\u00fbts. Les sujets qui me tiennent \u00e0 c\u0153ur sont la nature et la protection de l\u2019environnement, les cultures du monde entier, le d\u00e9veloppement personnel et le bien-\u00eatre, l\u2019art, l\u2019architecture et la litt\u00e9rature mais je reste ouverte et j\u2019ai h\u00e2te de discuter et de d\u00e9couvrir de nouveaux sujets gr\u00e2ce \u00e0 vous. Pendant le temps de classe, j\u2019aime avoir recours \u00e0 des vid\u00e9os, des chansons, des reportages et des jeux, ce qui met l\u2019apprenant en contact avec une&nbsp;langue authentique. De plus, ayant l\u2019habitude d\u2019enseigner aupr\u00e8s d\u2019un jeune public, je sais rendre accessibles m\u00eame les sujets les plus difficiles\u2026 comme certaines r\u00e8gles de grammaire par exemple. Vous vivez \u00e0 Pau et souhaitez prendre des cours de fran\u00e7ais? En dehors des immersion, je donne aussi des cours particuliers de fran\u00e7ais. Ils se d\u00e9roulent chez moi, \u00e0 Bill\u00e8re (accessible en bus ou \u00e0 15min \u00e0 pied de la place Verdun). Comme si vous veniez en immersion, les cours sont adapt\u00e9s \u00e0 votre niveau et \u00e0 vos objectifs. Vous pouvez aussi venir \u00e0 deux si vous avez le m\u00eame niveau. Tarif : 45\u20ac \/ heure<\/p>\n","protected":false},"author":1,"featured_media":0,"parent":0,"menu_order":1,"comment_status":"closed","ping_status":"closed","template":"","meta":{"footnotes":""},"class_list":["post-50","page","type-page","status-publish","hentry"],"yoast_head":"<!-- This site is optimized with the Yoast SEO plugin v27.3 - https:\/\/yoast.com\/product\/yoast-seo-wordpress\/ -->\n<title>votre professeur de fran\u00e7ais langue \u00e9trang\u00e8re<\/title>\n<meta name=\"description\" content=\"Cours de fran\u00e7ais \u00e0 Pau, chez votre professeur dipl\u00f4m\u00e9e en enseignement du fran\u00e7ais langue \u00e9trang\u00e8re, programme individualis\u00e9.\" \/>\n<meta name=\"robots\" content=\"index, follow, max-snippet:-1, max-image-preview:large, max-video-preview:-1\" \/>\n<link rel=\"canonical\" href=\"https:\/\/frenchbubble.fr\/index.php\/votre-professeur-de-francais-langue-etrangere\/\" \/>\n<meta property=\"og:locale\" content=\"fr_FR\" \/>\n<meta property=\"og:type\" content=\"article\" \/>\n<meta property=\"og:title\" content=\"votre professeur de fran\u00e7ais langue \u00e9trang\u00e8re\" \/>\n<meta property=\"og:description\" content=\"Cours de fran\u00e7ais \u00e0 Pau, chez votre professeur dipl\u00f4m\u00e9e en enseignement du fran\u00e7ais langue \u00e9trang\u00e8re, programme individualis\u00e9.\" \/>\n<meta property=\"og:url\" content=\"https:\/\/frenchbubble.fr\/index.php\/votre-professeur-de-francais-langue-etrangere\/\" \/>\n<meta property=\"article:publisher\" content=\"https:\/\/www.facebook.com\/profile.php?id=61555671493048\" \/>\n<meta property=\"article:modified_time\" content=\"2025-08-08T17:45:23+00:00\" \/>\n<meta property=\"og:image\" content=\"https:\/\/frenchbubble.fr\/wp-content\/uploads\/2025\/08\/20250808_194229.jpg\" \/>\n\t<meta property=\"og:image:width\" content=\"596\" \/>\n\t<meta property=\"og:image:height\" content=\"596\" \/>\n\t<meta property=\"og:image:type\" content=\"image\/jpeg\" \/>\n<meta name=\"twitter:card\" content=\"summary_large_image\" \/>\n<meta name=\"twitter:label1\" content=\"Dur\u00e9e de lecture estim\u00e9e\" \/>\n\t<meta name=\"twitter:data1\" content=\"5 minutes\" \/>\n<script type=\"application\/ld+json\" class=\"yoast-schema-graph\">{\"@context\":\"https:\\\/\\\/schema.org\",\"@graph\":[{\"@type\":\"WebPage\",\"@id\":\"https:\\\/\\\/frenchbubble.fr\\\/index.php\\\/votre-professeur-de-francais-langue-etrangere\\\/\",\"url\":\"https:\\\/\\\/frenchbubble.fr\\\/index.php\\\/votre-professeur-de-francais-langue-etrangere\\\/\",\"name\":\"votre professeur de fran\u00e7ais langue \u00e9trang\u00e8re\",\"isPartOf\":{\"@id\":\"https:\\\/\\\/frenchbubble.fr\\\/#website\"},\"primaryImageOfPage\":{\"@id\":\"https:\\\/\\\/frenchbubble.fr\\\/index.php\\\/votre-professeur-de-francais-langue-etrangere\\\/#primaryimage\"},\"image\":{\"@id\":\"https:\\\/\\\/frenchbubble.fr\\\/index.php\\\/votre-professeur-de-francais-langue-etrangere\\\/#primaryimage\"},\"thumbnailUrl\":\"https:\\\/\\\/frenchbubble.fr\\\/wp-content\\\/uploads\\\/2025\\\/08\\\/20250808_194229.jpg\",\"datePublished\":\"2024-01-11T13:17:15+00:00\",\"dateModified\":\"2025-08-08T17:45:23+00:00\",\"description\":\"Cours de fran\u00e7ais \u00e0 Pau, chez votre professeur dipl\u00f4m\u00e9e en enseignement du fran\u00e7ais langue \u00e9trang\u00e8re, programme individualis\u00e9.\",\"breadcrumb\":{\"@id\":\"https:\\\/\\\/frenchbubble.fr\\\/index.php\\\/votre-professeur-de-francais-langue-etrangere\\\/#breadcrumb\"},\"inLanguage\":\"fr-FR\",\"potentialAction\":[{\"@type\":\"ReadAction\",\"target\":[\"https:\\\/\\\/frenchbubble.fr\\\/index.php\\\/votre-professeur-de-francais-langue-etrangere\\\/\"]}]},{\"@type\":\"ImageObject\",\"inLanguage\":\"fr-FR\",\"@id\":\"https:\\\/\\\/frenchbubble.fr\\\/index.php\\\/votre-professeur-de-francais-langue-etrangere\\\/#primaryimage\",\"url\":\"https:\\\/\\\/frenchbubble.fr\\\/wp-content\\\/uploads\\\/2025\\\/08\\\/20250808_194229.jpg\",\"contentUrl\":\"https:\\\/\\\/frenchbubble.fr\\\/wp-content\\\/uploads\\\/2025\\\/08\\\/20250808_194229.jpg\",\"width\":596,\"height\":596},{\"@type\":\"BreadcrumbList\",\"@id\":\"https:\\\/\\\/frenchbubble.fr\\\/index.php\\\/votre-professeur-de-francais-langue-etrangere\\\/#breadcrumb\",\"itemListElement\":[{\"@type\":\"ListItem\",\"position\":1,\"name\":\"Accueil\",\"item\":\"https:\\\/\\\/frenchbubble.fr\\\/\"},{\"@type\":\"ListItem\",\"position\":2,\"name\":\"Votre professeur de fran\u00e7ais\"}]},{\"@type\":\"WebSite\",\"@id\":\"https:\\\/\\\/frenchbubble.fr\\\/#website\",\"url\":\"https:\\\/\\\/frenchbubble.fr\\\/\",\"name\":\"French Bubble immersion\",\"description\":\"\",\"publisher\":{\"@id\":\"https:\\\/\\\/frenchbubble.fr\\\/#organization\"},\"alternateName\":\"French Bubble\",\"potentialAction\":[{\"@type\":\"SearchAction\",\"target\":{\"@type\":\"EntryPoint\",\"urlTemplate\":\"https:\\\/\\\/frenchbubble.fr\\\/?s={search_term_string}\"},\"query-input\":{\"@type\":\"PropertyValueSpecification\",\"valueRequired\":true,\"valueName\":\"search_term_string\"}}],\"inLanguage\":\"fr-FR\"},{\"@type\":\"Organization\",\"@id\":\"https:\\\/\\\/frenchbubble.fr\\\/#organization\",\"name\":\"French Bubble\",\"url\":\"https:\\\/\\\/frenchbubble.fr\\\/\",\"logo\":{\"@type\":\"ImageObject\",\"inLanguage\":\"fr-FR\",\"@id\":\"https:\\\/\\\/frenchbubble.fr\\\/#\\\/schema\\\/logo\\\/image\\\/\",\"url\":\"https:\\\/\\\/frenchbubble.fr\\\/wp-content\\\/uploads\\\/2023\\\/11\\\/Capture-decran-2023-11-09-a-14.48.19.png\",\"contentUrl\":\"https:\\\/\\\/frenchbubble.fr\\\/wp-content\\\/uploads\\\/2023\\\/11\\\/Capture-decran-2023-11-09-a-14.48.19.png\",\"width\":958,\"height\":920,\"caption\":\"French Bubble\"},\"image\":{\"@id\":\"https:\\\/\\\/frenchbubble.fr\\\/#\\\/schema\\\/logo\\\/image\\\/\"},\"sameAs\":[\"https:\\\/\\\/www.facebook.com\\\/profile.php?id=61555671493048\",\"https:\\\/\\\/www.instagram.com\\\/frenchbubble.immersion\\\/?igsh=MWp4Y29wanRwN3Q5MA\"]}]}<\/script>\n<!-- \/ Yoast SEO plugin. -->","yoast_head_json":{"title":"votre professeur de fran\u00e7ais langue \u00e9trang\u00e8re","description":"Cours de fran\u00e7ais \u00e0 Pau, chez votre professeur dipl\u00f4m\u00e9e en enseignement du fran\u00e7ais langue \u00e9trang\u00e8re, programme individualis\u00e9.","robots":{"index":"index","follow":"follow","max-snippet":"max-snippet:-1","max-image-preview":"max-image-preview:large","max-video-preview":"max-video-preview:-1"},"canonical":"https:\/\/frenchbubble.fr\/index.php\/votre-professeur-de-francais-langue-etrangere\/","og_locale":"fr_FR","og_type":"article","og_title":"votre professeur de fran\u00e7ais langue \u00e9trang\u00e8re","og_description":"Cours de fran\u00e7ais \u00e0 Pau, chez votre professeur dipl\u00f4m\u00e9e en enseignement du fran\u00e7ais langue \u00e9trang\u00e8re, programme individualis\u00e9.","og_url":"https:\/\/frenchbubble.fr\/index.php\/votre-professeur-de-francais-langue-etrangere\/","article_publisher":"https:\/\/www.facebook.com\/profile.php?id=61555671493048","article_modified_time":"2025-08-08T17:45:23+00:00","og_image":[{"width":596,"height":596,"url":"https:\/\/frenchbubble.fr\/wp-content\/uploads\/2025\/08\/20250808_194229.jpg","type":"image\/jpeg"}],"twitter_card":"summary_large_image","twitter_misc":{"Dur\u00e9e de lecture estim\u00e9e":"5 minutes"},"schema":{"@context":"https:\/\/schema.org","@graph":[{"@type":"WebPage","@id":"https:\/\/frenchbubble.fr\/index.php\/votre-professeur-de-francais-langue-etrangere\/","url":"https:\/\/frenchbubble.fr\/index.php\/votre-professeur-de-francais-langue-etrangere\/","name":"votre professeur de fran\u00e7ais langue \u00e9trang\u00e8re","isPartOf":{"@id":"https:\/\/frenchbubble.fr\/#website"},"primaryImageOfPage":{"@id":"https:\/\/frenchbubble.fr\/index.php\/votre-professeur-de-francais-langue-etrangere\/#primaryimage"},"image":{"@id":"https:\/\/frenchbubble.fr\/index.php\/votre-professeur-de-francais-langue-etrangere\/#primaryimage"},"thumbnailUrl":"https:\/\/frenchbubble.fr\/wp-content\/uploads\/2025\/08\/20250808_194229.jpg","datePublished":"2024-01-11T13:17:15+00:00","dateModified":"2025-08-08T17:45:23+00:00","description":"Cours de fran\u00e7ais \u00e0 Pau, chez votre professeur dipl\u00f4m\u00e9e en enseignement du fran\u00e7ais langue \u00e9trang\u00e8re, programme individualis\u00e9.","breadcrumb":{"@id":"https:\/\/frenchbubble.fr\/index.php\/votre-professeur-de-francais-langue-etrangere\/#breadcrumb"},"inLanguage":"fr-FR","potentialAction":[{"@type":"ReadAction","target":["https:\/\/frenchbubble.fr\/index.php\/votre-professeur-de-francais-langue-etrangere\/"]}]},{"@type":"ImageObject","inLanguage":"fr-FR","@id":"https:\/\/frenchbubble.fr\/index.php\/votre-professeur-de-francais-langue-etrangere\/#primaryimage","url":"https:\/\/frenchbubble.fr\/wp-content\/uploads\/2025\/08\/20250808_194229.jpg","contentUrl":"https:\/\/frenchbubble.fr\/wp-content\/uploads\/2025\/08\/20250808_194229.jpg","width":596,"height":596},{"@type":"BreadcrumbList","@id":"https:\/\/frenchbubble.fr\/index.php\/votre-professeur-de-francais-langue-etrangere\/#breadcrumb","itemListElement":[{"@type":"ListItem","position":1,"name":"Accueil","item":"https:\/\/frenchbubble.fr\/"},{"@type":"ListItem","position":2,"name":"Votre professeur de fran\u00e7ais"}]},{"@type":"WebSite","@id":"https:\/\/frenchbubble.fr\/#website","url":"https:\/\/frenchbubble.fr\/","name":"French Bubble immersion","description":"","publisher":{"@id":"https:\/\/frenchbubble.fr\/#organization"},"alternateName":"French Bubble","potentialAction":[{"@type":"SearchAction","target":{"@type":"EntryPoint","urlTemplate":"https:\/\/frenchbubble.fr\/?s={search_term_string}"},"query-input":{"@type":"PropertyValueSpecification","valueRequired":true,"valueName":"search_term_string"}}],"inLanguage":"fr-FR"},{"@type":"Organization","@id":"https:\/\/frenchbubble.fr\/#organization","name":"French Bubble","url":"https:\/\/frenchbubble.fr\/","logo":{"@type":"ImageObject","inLanguage":"fr-FR","@id":"https:\/\/frenchbubble.fr\/#\/schema\/logo\/image\/","url":"https:\/\/frenchbubble.fr\/wp-content\/uploads\/2023\/11\/Capture-decran-2023-11-09-a-14.48.19.png","contentUrl":"https:\/\/frenchbubble.fr\/wp-content\/uploads\/2023\/11\/Capture-decran-2023-11-09-a-14.48.19.png","width":958,"height":920,"caption":"French Bubble"},"image":{"@id":"https:\/\/frenchbubble.fr\/#\/schema\/logo\/image\/"},"sameAs":["https:\/\/www.facebook.com\/profile.php?id=61555671493048","https:\/\/www.instagram.com\/frenchbubble.immersion\/?igsh=MWp4Y29wanRwN3Q5MA"]}]}},"_links":{"self":[{"href":"https:\/\/frenchbubble.fr\/index.php\/wp-json\/wp\/v2\/pages\/50","targetHints":{"allow":["GET"]}}],"collection":[{"href":"https:\/\/frenchbubble.fr\/index.php\/wp-json\/wp\/v2\/pages"}],"about":[{"href":"https:\/\/frenchbubble.fr\/index.php\/wp-json\/wp\/v2\/types\/page"}],"author":[{"embeddable":true,"href":"https:\/\/frenchbubble.fr\/index.php\/wp-json\/wp\/v2\/users\/1"}],"replies":[{"embeddable":true,"href":"https:\/\/frenchbubble.fr\/index.php\/wp-json\/wp\/v2\/comments?post=50"}],"version-history":[{"count":25,"href":"https:\/\/frenchbubble.fr\/index.php\/wp-json\/wp\/v2\/pages\/50\/revisions"}],"predecessor-version":[{"id":1584,"href":"https:\/\/frenchbubble.fr\/index.php\/wp-json\/wp\/v2\/pages\/50\/revisions\/1584"}],"wp:attachment":[{"href":"https:\/\/frenchbubble.fr\/index.php\/wp-json\/wp\/v2\/media?parent=50"}],"curies":[{"name":"wp","href":"https:\/\/api.w.org\/{rel}","templated":true}]}}